{"id":9,"date":"2025-10-03T11:51:47","date_gmt":"2025-10-03T11:51:47","guid":{"rendered":"https:\/\/smazai.com\/?page_id=9"},"modified":"2026-02-26T13:08:26","modified_gmt":"2026-02-26T13:08:26","slug":"politica-de-privacidad","status":"publish","type":"page","link":"https:\/\/smazai.com\/en\/politica-de-privacidad\/","title":{"rendered":"Pol\u00edtica de privacidad"},"content":{"rendered":"<h1 class=\"wp-block-heading has-text-align-center\">Pol\u00edtica de privacidad<\/h1>\n\n\n\n<div style=\"height:32px\" aria-hidden=\"true\" class=\"wp-block-spacer\"><\/div>\n\n\n\n<p id=\"content\">Seraf\u00edn Manuel \u00c1lvarez Zapata (en adelante, EL RESPONSABLE) se compromete con la protecci\u00f3n de su privacidad y con el cumplimiento de la legislaci\u00f3n en materia de protecci\u00f3n de datos personales, concretamente con el Reglamento (UE) 2016\/679 del Parlamento Europeo y del Consejo, de 27 de abril de 2016, relativo a la protecci\u00f3n de las personas f\u00edsicas en lo que respecta al tratamiento de datos personales y a la libre circulaci\u00f3n de estos datos (Reglamento general de protecci\u00f3n de datos, en adelante RGPD) y la Ley Org\u00e1nica de Protecci\u00f3n de Datos Personales y Garant\u00eda de los Derechos Digitales (en adelante, LOPDGDD).<\/p>\n\n\n\n<p>El tratamiento de los datos personales que realice EL RESPONSABLE se realizar\u00e1 atendiendo a los principios de lealtad, licitud, adecuaci\u00f3n y trasparencia, siempre conforme a unos fines determinados, expl\u00edcitos y leg\u00edtimos. EL RESPONSABLE se compromete a mantener sus datos actualizados y a conservarlos solo durante el tiempo necesario para cumplir con los fines del tratamiento.<\/p>\n\n\n\n<p>La presente Pol\u00edtica de Privacidad le informa sobre como EL RESPONSABLE tratar\u00e1 sus datos personales a consecuencia de utilizar este Sitio Web.<\/p>\n\n\n\n<p>Al utilizar este Sitio Web, usted acepta la recogida, tratamiento, trasferencia, conservaci\u00f3n y otros aspectos relativos al tratamiento de sus datos personales conforme a esta Pol\u00edtica de Privacidad y a sus condiciones. Si no est\u00e1 totalmente de acuerdo con las mismas, no deber\u00eda utilizar este Sitio Web.<\/p>\n\n\n\n<p>Cualquier actualizaci\u00f3n o modificaci\u00f3n de esta Pol\u00edtica de Privacidad se le comunicar\u00e1 a trav\u00e9s de este Sitio Web.<\/p>\n\n\n\n<h4 class=\"wp-block-heading\">  \u00bfQui\u00e9n es el responsable del tratamiento?<\/h4>\n\n\n\n<p>El Responsable del tratamiento es Seraf\u00edn Manuel \u00c1lvarez Zapata, con DNI 11422727F y domicilio social en C\/ Agust\u00edn Bravo, 17 &#8211; 4\u00baE. 33120 &#8211; Pravia &#8211; Asturias (Espa\u00f1a).<\/p>\n\n\n\n<p>Puede consultar m\u00e1s informaci\u00f3n relativa a la entidad que gestiona el Sitio Web, como medios de comunicaci\u00f3n o consulta, accediendo al enlace denominado <a href=\"https:\/\/smazai.com\/en\/aviso-legal\/\" data-type=\"page\" data-id=\"12\">Aviso Legal<\/a> que se incorpora al pie de la P\u00e1gina Web.<\/p>\n\n\n\n<h4 class=\"wp-block-heading\">  \u00bfQu\u00e9 datos personales tratamos y como los obtenemos?<\/h4>\n\n\n\n<p>En la presente Pol\u00edtica de Privacidad, se considera \u201cdato personal\u201d cualquier informaci\u00f3n que le identifique a usted o que pueda utilizarse para identificarlo.<\/p>\n\n\n\n<p style=\"margin-bottom:var(--wp--preset--spacing--20)\">Los datos personales que EL RESPONSABLE trata son:<\/p>\n\n\n\n<ol style=\"list-style-type:lower-alpha\" class=\"wp-block-list\">\n<li>Los que usted nos proporciona al enviar un correo al email de contacto que EL RESPONSABLE pone a su disposici\u00f3n en la P\u00e1gina Web.<\/li>\n\n\n\n<li>Los que usted nos proporciona al contactar al tel\u00e9fono de contacto que EL RESPONSABLE pone a su disposici\u00f3n en la P\u00e1gina Web.<\/li>\n<\/ol>\n\n\n\n<h4 class=\"wp-block-heading\">  \u00bfCon qu\u00e9 finalidad tratamos sus datos?<\/h4>\n\n\n\n<p style=\"margin-bottom:var(--wp--preset--spacing--20)\">EL RESPONSABLE tratar\u00e1 sus datos personales para las siguientes finalidades:<\/p>\n\n\n\n<ol style=\"list-style-type:lower-alpha\" class=\"wp-block-list\">\n<li>Responder y atender las consultas o solicitudes de informaci\u00f3n que usted pueda realizar a trav\u00e9s del email o n\u00famero de tel\u00e9fono puesto a su disposici\u00f3n en la secci\u00f3n \u201cContacto\u201d de esta P\u00e1gina Web.<\/li>\n\n\n\n<li>Obligaciones legales que puedan serle de aplicaci\u00f3n por la legislaci\u00f3n vigente.<\/li>\n<\/ol>\n\n\n\n<h4 class=\"wp-block-heading\">  \u00bfCu\u00e1l es la legitimaci\u00f3n para el tratamiento de sus datos personales?<\/h4>\n\n\n\n<p style=\"margin-bottom:var(--wp--preset--spacing--20)\">Las bases legales, de conformidad con el art\u00edculo 6 del RGPD, para el tratamiento de sus datos personales, son las siguientes:<\/p>\n\n\n\n<ol style=\"list-style-type:lower-alpha\" class=\"wp-block-list\">\n<li><strong>Inter\u00e9s leg\u00edtimo<\/strong> (RGPD art. 6.1.f): El tratamiento de sus datos personales se realizar\u00e1 sobre la base legal del inter\u00e9s leg\u00edtimo del RESPONSABLE, conforme a la finalidad contemplada en la letra a.<\/li>\n\n\n\n<li><strong>Cumplimiento de una obligaci\u00f3n legal<\/strong> (RGPD Art.6.1.c): Sus datos personales podr\u00e1n ser tratados en cumplimiento de obligaciones legales vigentes que apliquen al RESPONSABLE, conforme a la finalidad contemplada en la letra b. Cuando esto suceda, usted ser\u00e1 informado de los detalles del tratamiento, as\u00ed como de la norma que obliga al tratamiento espec\u00edfico.<\/li>\n<\/ol>\n\n\n\n<h4 class=\"wp-block-heading\">  \u00bfA qui\u00e9nes se comunicar\u00e1n sus datos?<\/h4>\n\n\n\n<p>Sus datos personales podr\u00e1n ser comunicados a Organizaciones o personas relacionadas directamente con EL RESPONSABLE (Proveedores de servicios). Si fuese necesario, EL RESPONSABLE podr\u00e1 ceder sus datos personales a los proveedores oportunos para el desarrollo y ejecuci\u00f3n de las finalidades del tratamiento. En estos casos, EL RESPONSABLE tiene suscritos los contratos de confidencialidad y de encargo de tratamiento de datos exigidos por la normativa vigente.<\/p>\n\n\n\n<h4 class=\"wp-block-heading\">  \u00bfPor cu\u00e1nto tiempo conservaremos sus datos?<\/h4>\n\n\n\n<p>Los datos ser\u00e1n conservados hasta que el interesado no ejercite su derecho de supresi\u00f3n o durante el tiempo necesario para mantener el fin del tratamiento. No obstante, los datos se conservar\u00e1n durante el plazo correspondiente para cumplir con las obligaciones legales, durante los plazos de prescripci\u00f3n aplicables para atender posibles responsabilidades nacidas durante el tratamiento. En este caso, los datos se conservar\u00e1n debidamente bloqueados hasta que haya transcurrido el plazo de prescripci\u00f3n de las posibles responsabilidades legales aparejadas al tratamiento. En el caso de que sean suprimidos, se realizar\u00e1 aplicando las medidas de seguridad adecuadas para garantizar la destrucci\u00f3n total de los mismos.<\/p>\n\n\n\n<h4 class=\"wp-block-heading\">  Transferencias de datos a terceros pa\u00edses<\/h4>\n\n\n\n<p>No existen transferencias internacionales de datos.<\/p>\n\n\n\n<h4 class=\"wp-block-heading\">  \u00bfCu\u00e1les son sus derechos?<\/h4>\n\n\n\n<p style=\"margin-bottom:var(--wp--preset--spacing--20)\">La persona interesada (usted) puede ejercitar los derechos que le asisten por la actual legislaci\u00f3n de protecci\u00f3n de datos. En concreto:<\/p>\n\n\n\n<ul class=\"wp-block-list\">\n<li><strong>Derecho de acceso a sus datos personales:<\/strong> Usted tiene derecho a obtener del responsable del tratamiento confirmaci\u00f3n sobre cu\u00e1les de sus datos personales est\u00e1n siendo tratados o no y si se est\u00e1 produciendo una transferencia internacional de los mismos.<\/li>\n\n\n\n<li><strong>Derecho de rectificaci\u00f3n de los datos inexactos o err\u00f3neos:<\/strong> Usted tiene derecho a obtener sin dilaci\u00f3n indebida del responsable del tratamiento la rectificaci\u00f3n de los datos personales inexactos que le conciernen. Considerando los fines del tratamiento, usted tendr\u00e1 derecho a que se le completen los datos personales que sean incompletos, incluso mediante una declaraci\u00f3n adicional.<\/li>\n\n\n\n<li><strong>Derecho de supresi\u00f3n o cancelaci\u00f3n:<\/strong> Usted tiene derecho a obtener la supresi\u00f3n de sus datos personales sin dilaci\u00f3n indebida cuando:\n<ul class=\"wp-block-list\">\n<li>Los datos personales ya no sean necesarios en relaci\u00f3n con la finalidad para la que fueron recogidos.<\/li>\n\n\n\n<li>Los datos se encuentren obsoletos.<\/li>\n\n\n\n<li>Se retire la conformidad por parte del interesado. Esta retirada de consentimiento no afectar\u00e1 a la licitud del tratamiento que se haya llevado a cabo previamente sobre la base de legitimaci\u00f3n correspondiente.<\/li>\n\n\n\n<li>Hayan sido utilizados de forma il\u00edcita.<\/li>\n<\/ul>\n<\/li>\n\n\n\n<li><strong>Derecho de portabilidad de los datos:<\/strong> usted tiene derecho a que el responsable trasmita sus datos a otro responsable, lo cual se llevar\u00e1 a cabo mediante un formato estructurado de uso habitual y lectura mec\u00e1nica cuando el tratamiento se efect\u00fae por medios automatizados.<\/li>\n\n\n\n<li><strong>Derecho de limitaci\u00f3n del tratamiento:<\/strong> en determinadas circunstancias, usted puede solicitar la limitaci\u00f3n del tratamiento de sus datos, en cuyo caso \u00fanicamente se conservar\u00e1n debidamente bloqueados para el ejercicio o defensa de reclamaciones.<\/li>\n\n\n\n<li><strong>Derecho de oposici\u00f3n:<\/strong> usted puede oponerse al tratamiento de sus datos personales en determinadas circunstancias y por motivos relacionados con su situaci\u00f3n particular. En este caso, EL RESPONSABLE dejar\u00e1 de tratar dichos datos personales, salvo en aquellos casos en los que exista un inter\u00e9s leg\u00edtimo imperioso o el ejercicio o defensa de posibles reclamaciones.<\/li>\n<\/ul>\n\n\n\n<p>El interesado podr\u00e1 ejercitar sus derechos mediante el env\u00edo de un correo electr\u00f3nico a la direcci\u00f3n <a href=\"mailto:smazwww@gmail.com\" target=\"_blank\" rel=\"noreferrer noopener\">smazwww@gmail.com<\/a>, indic\u00e1ndonos el motivo de su solicitud y el derecho que quiera ejercitar. En caso de que lo consideremos necesario, por que existan dudas razonables para poder identificarle, podremos solicitarle copia de un documento que acredite su identidad.<\/p>\n\n\n\n<p>En aquellos casos en los que usted sienta vulnerados sus derechos en lo concerniente a la protecci\u00f3n de sus datos personales, especialmente cuando no haya obtenido satisfacci\u00f3n en el ejercicio de sus derechos, puede presentar una reclamaci\u00f3n ante la Autoridad de Control en materia de protecci\u00f3n de datos, concretamente a la Agencia Espa\u00f1ola de Protecci\u00f3n de Datos, a trav\u00e9s de su sitio web: <a href=\"https:\/\/www.aepd.es\" target=\"_blank\" rel=\"noreferrer noopener nofollow\">www.aepd.es<\/a>.<\/p>\n\n\n\n<h4 class=\"wp-block-heading\">  Enlaces a otros sitios web<\/h4>\n\n\n\n<p>En el Sitio Web del RESPONSABLE puede que haya enlaces a otros sitios web, que podemos considerar que son \u00fatiles para usted. No obstante, EL RESPONSABLE no se har\u00e1 cargo de los contenidos publicados en tales sitios web, ni de las Pol\u00edticas de Privacidad de los mismos. EL RESPONSABLE le recomienda revisar detenidamente las Pol\u00edticas de Privacidad antes de utilizar estos sitios web para estar seguro de que usted est\u00e1 conforme de la informaci\u00f3n que se recopila.<\/p>\n\n\n\n<h4 class=\"wp-block-heading\">  Pol\u00edtica de uso infantil<\/h4>\n\n\n\n<p>Este Sitio Web no est\u00e1 dirigido a menores de edad de conformidad con la legislaci\u00f3n vigente aplicable. Los padres, tutores o representantes legales ser\u00e1n los \u00fanicos responsables de todos los actos realizados en este Sitio Web por los menores a su cargo, incluyendo la cumplimentaci\u00f3n de los formularios con los datos personales de dichos menores y la marcaci\u00f3n, en su caso, de las casillas que los acompa\u00f1an.<\/p>\n\n\n\n<h4 class=\"wp-block-heading\">  Medidas de seguridad<\/h4>\n\n\n\n<p>EL RESPONSABLE aplica todas las medidas de seguridad exigidas por la normativa sobre protecci\u00f3n de datos de car\u00e1cter personal, con el objetivo de proteger sus derechos y libertades. EL RESPONSABLE aplica las medidas necesarias para garantizar la confidencialidad de los datos de car\u00e1cter personal de todas las personas bajo su responsabilidad.<\/p>\n\n\n\n<h4 class=\"wp-block-heading\">  Modificaciones Pol\u00edtica de Privacidad<\/h4>\n\n\n\n<p>EL RESPONSABLE se reserva el derecho a modificar o actualizar la presente Pol\u00edtica de Privacidad en cualquier momento. En caso, de que cualquier cl\u00e1usula de la presente Pol\u00edtica de Privacidad fuera anulada o considerada nula, el resto de las condiciones no se ver\u00e1n afectadas, conservando plenamente su validez y vigencia, en atenci\u00f3n a la normativa vigente de aplicaci\u00f3n en cada momento.<\/p>\n\n\n\n<h4 class=\"wp-block-heading\">  Informaci\u00f3n sobre Cookies<\/h4>\n\n\n\n<p>Este Sitio Web puede utilizar Cookies. Para m\u00e1s informaci\u00f3n consulte nuestra <a href=\"https:\/\/smazai.com\/en\/politica-de-cookies\/\" data-type=\"page\" data-id=\"14\" target=\"_blank\" rel=\"noreferrer noopener\">Pol\u00edtica de cookies<\/a>, al pie de esta p\u00e1gina web.<\/p>","protected":false},"excerpt":{"rendered":"<p>Pol\u00edtica de privacidad Seraf\u00edn Manuel \u00c1lvarez Zapata (en adelante, EL RESPONSABLE) se compromete con la protecci\u00f3n de su privacidad y con el cumplimiento de la legislaci\u00f3n en materia de protecci\u00f3n de datos personales, concretamente con el Reglamento (UE) 2016\/679 del Parlamento Europeo y del Consejo, de 27 de abril de 2016, relativo a la protecci\u00f3n&#8230;<\/p>","protected":false},"author":2,"featured_media":0,"parent":0,"menu_order":0,"comment_status":"closed","ping_status":"closed","template":"","meta":{"_kadence_starter_templates_imported_post":false,"_kad_post_transparent":"default","_kad_post_title":"hide","_kad_post_layout":"normal","_kad_post_sidebar_id":"","_kad_post_content_style":"default","_kad_post_vertical_padding":"default","_kad_post_feature":"","_kad_post_feature_position":"","_kad_post_header":false,"_kad_post_footer":false,"footnotes":""},"class_list":["post-9","page","type-page","status-publish","hentry"],"yoast_head":"<!-- This site is optimized with the Yoast SEO plugin v26.5 - https:\/\/yoast.com\/wordpress\/plugins\/seo\/ -->\n<title>Pol\u00edtica de privacidad - SMAZAI<\/title>\n<meta name=\"robots\" content=\"index, follow, max-snippet:-1, max-image-preview:large, max-video-preview:-1\" \/>\n<link rel=\"canonical\" href=\"https:\/\/smazai.com\/en\/politica-de-privacidad\/\" \/>\n<meta property=\"og:locale\" content=\"en_GB\" \/>\n<meta property=\"og:type\" content=\"article\" \/>\n<meta property=\"og:title\" content=\"Pol\u00edtica de privacidad - SMAZAI\" \/>\n<meta property=\"og:description\" content=\"Pol\u00edtica de privacidad Seraf\u00edn Manuel \u00c1lvarez Zapata (en adelante, EL RESPONSABLE) se compromete con la protecci\u00f3n de su privacidad y con el cumplimiento de la legislaci\u00f3n en materia de protecci\u00f3n de datos personales, concretamente con el Reglamento (UE) 2016\/679 del Parlamento Europeo y del Consejo, de 27 de abril de 2016, relativo a la protecci\u00f3n...\" \/>\n<meta property=\"og:url\" content=\"https:\/\/smazai.com\/en\/politica-de-privacidad\/\" \/>\n<meta property=\"og:site_name\" content=\"SMAZAI\" \/>\n<meta property=\"article:modified_time\" content=\"2026-02-26T13:08:26+00:00\" \/>\n<meta name=\"twitter:card\" content=\"summary_large_image\" \/>\n<meta name=\"twitter:label1\" content=\"Estimated reading time\" \/>\n\t<meta name=\"twitter:data1\" content=\"7 minutes\" \/>\n<script type=\"application\/ld+json\" class=\"yoast-schema-graph\">{\"@context\":\"https:\/\/schema.org\",\"@graph\":[{\"@type\":\"WebPage\",\"@id\":\"https:\/\/smazai.com\/politica-de-privacidad\/\",\"url\":\"https:\/\/smazai.com\/politica-de-privacidad\/\",\"name\":\"Pol\u00edtica de privacidad - SMAZAI\",\"isPartOf\":{\"@id\":\"https:\/\/smazai.com\/#website\"},\"datePublished\":\"2025-10-03T11:51:47+00:00\",\"dateModified\":\"2026-02-26T13:08:26+00:00\",\"breadcrumb\":{\"@id\":\"https:\/\/smazai.com\/politica-de-privacidad\/#breadcrumb\"},\"inLanguage\":\"en-GB\",\"potentialAction\":[{\"@type\":\"ReadAction\",\"target\":[\"https:\/\/smazai.com\/politica-de-privacidad\/\"]}]},{\"@type\":\"BreadcrumbList\",\"@id\":\"https:\/\/smazai.com\/politica-de-privacidad\/#breadcrumb\",\"itemListElement\":[{\"@type\":\"ListItem\",\"position\":1,\"name\":\"Portada\",\"item\":\"https:\/\/smazai.com\/\"},{\"@type\":\"ListItem\",\"position\":2,\"name\":\"Pol\u00edtica de privacidad\"}]},{\"@type\":\"WebSite\",\"@id\":\"https:\/\/smazai.com\/#website\",\"url\":\"https:\/\/smazai.com\/\",\"name\":\"SMAZAI\",\"description\":\"\",\"potentialAction\":[{\"@type\":\"SearchAction\",\"target\":{\"@type\":\"EntryPoint\",\"urlTemplate\":\"https:\/\/smazai.com\/?s={search_term_string}\"},\"query-input\":{\"@type\":\"PropertyValueSpecification\",\"valueRequired\":true,\"valueName\":\"search_term_string\"}}],\"inLanguage\":\"en-GB\"}]}<\/script>\n<!-- \/ Yoast SEO plugin. -->","yoast_head_json":{"title":"Pol\u00edtica de privacidad - SMAZAI","robots":{"index":"index","follow":"follow","max-snippet":"max-snippet:-1","max-image-preview":"max-image-preview:large","max-video-preview":"max-video-preview:-1"},"canonical":"https:\/\/smazai.com\/en\/politica-de-privacidad\/","og_locale":"en_GB","og_type":"article","og_title":"Pol\u00edtica de privacidad - SMAZAI","og_description":"Pol\u00edtica de privacidad Seraf\u00edn Manuel \u00c1lvarez Zapata (en adelante, EL RESPONSABLE) se compromete con la protecci\u00f3n de su privacidad y con el cumplimiento de la legislaci\u00f3n en materia de protecci\u00f3n de datos personales, concretamente con el Reglamento (UE) 2016\/679 del Parlamento Europeo y del Consejo, de 27 de abril de 2016, relativo a la protecci\u00f3n...","og_url":"https:\/\/smazai.com\/en\/politica-de-privacidad\/","og_site_name":"SMAZAI","article_modified_time":"2026-02-26T13:08:26+00:00","twitter_card":"summary_large_image","twitter_misc":{"Estimated reading time":"7 minutes"},"schema":{"@context":"https:\/\/schema.org","@graph":[{"@type":"WebPage","@id":"https:\/\/smazai.com\/politica-de-privacidad\/","url":"https:\/\/smazai.com\/politica-de-privacidad\/","name":"Pol\u00edtica de privacidad - SMAZAI","isPartOf":{"@id":"https:\/\/smazai.com\/#website"},"datePublished":"2025-10-03T11:51:47+00:00","dateModified":"2026-02-26T13:08:26+00:00","breadcrumb":{"@id":"https:\/\/smazai.com\/politica-de-privacidad\/#breadcrumb"},"inLanguage":"en-GB","potentialAction":[{"@type":"ReadAction","target":["https:\/\/smazai.com\/politica-de-privacidad\/"]}]},{"@type":"BreadcrumbList","@id":"https:\/\/smazai.com\/politica-de-privacidad\/#breadcrumb","itemListElement":[{"@type":"ListItem","position":1,"name":"Portada","item":"https:\/\/smazai.com\/"},{"@type":"ListItem","position":2,"name":"Pol\u00edtica de privacidad"}]},{"@type":"WebSite","@id":"https:\/\/smazai.com\/#website","url":"https:\/\/smazai.com\/","name":"SMAZAI","description":"","potentialAction":[{"@type":"SearchAction","target":{"@type":"EntryPoint","urlTemplate":"https:\/\/smazai.com\/?s={search_term_string}"},"query-input":{"@type":"PropertyValueSpecification","valueRequired":true,"valueName":"search_term_string"}}],"inLanguage":"en-GB"}]}},"_links":{"self":[{"href":"https:\/\/smazai.com\/en\/wp-json\/wp\/v2\/pages\/9","targetHints":{"allow":["GET"]}}],"collection":[{"href":"https:\/\/smazai.com\/en\/wp-json\/wp\/v2\/pages"}],"about":[{"href":"https:\/\/smazai.com\/en\/wp-json\/wp\/v2\/types\/page"}],"author":[{"embeddable":true,"href":"https:\/\/smazai.com\/en\/wp-json\/wp\/v2\/users\/2"}],"replies":[{"embeddable":true,"href":"https:\/\/smazai.com\/en\/wp-json\/wp\/v2\/comments?post=9"}],"version-history":[{"count":14,"href":"https:\/\/smazai.com\/en\/wp-json\/wp\/v2\/pages\/9\/revisions"}],"predecessor-version":[{"id":412,"href":"https:\/\/smazai.com\/en\/wp-json\/wp\/v2\/pages\/9\/revisions\/412"}],"wp:attachment":[{"href":"https:\/\/smazai.com\/en\/wp-json\/wp\/v2\/media?parent=9"}],"curies":[{"name":"wp","href":"https:\/\/api.w.org\/{rel}","templated":true}]}}