{"id":7,"date":"2025-10-03T13:06:52","date_gmt":"2025-10-03T13:06:52","guid":{"rendered":"https:\/\/smazai.com\/?page_id=7"},"modified":"2025-12-10T12:32:55","modified_gmt":"2025-12-10T12:32:55","slug":"inicio","status":"publish","type":"page","link":"https:\/\/smazai.com\/en\/","title":{"rendered":"Inicio"},"content":{"rendered":"<div class=\"wp-block-columns are-vertically-aligned-top is-layout-flex wp-container-core-columns-is-layout-7760b2de wp-block-columns-is-layout-flex\" style=\"padding-right:var(--wp--preset--spacing--80)\">\n<div class=\"wp-block-column is-vertically-aligned-top is-layout-flow wp-block-column-is-layout-flow\" style=\"padding-left:var(--wp--preset--spacing--80)\">\n<h1 class=\"wp-block-heading alignwide has-text-align-right has-text-color has-link-color wp-elements-658d22181791496a62020f927cf48ae4\" style=\"color:#f57c00;margin-top:0;font-size:34px\">Soluciones innovadoras en inteligencia artificial<\/h1>\n\n\n\n<p class=\"has-text-align-right\" style=\"margin-left:0\"><em>Impulsa tu negocio con el poder de la IA.<\/em><\/p>\n<\/div>\n\n\n\n<div class=\"wp-block-column is-vertically-aligned-top is-layout-flow wp-block-column-is-layout-flow\">\n<figure class=\"wp-block-image alignwide size-full has-custom-border is-style-rounded sombra\" style=\"margin-top:0;margin-bottom:0\"><img loading=\"lazy\" decoding=\"async\" width=\"626\" height=\"351\" src=\"https:\/\/smazai.com\/wp-content\/uploads\/2025\/10\/integracion-negocios-inteligencia-artificial-que-muestran-soluciones-innovadoras-analiticas-estrategicas_1165841-990.jpg\" alt=\"Soluciones IA\" class=\"wp-image-81\" style=\"border-style:none;border-width:0px;border-top-right-radius:125px;border-bottom-left-radius:125px\" srcset=\"https:\/\/smazai.com\/wp-content\/uploads\/2025\/10\/integracion-negocios-inteligencia-artificial-que-muestran-soluciones-innovadoras-analiticas-estrategicas_1165841-990.jpg 626w, https:\/\/smazai.com\/wp-content\/uploads\/2025\/10\/integracion-negocios-inteligencia-artificial-que-muestran-soluciones-innovadoras-analiticas-estrategicas_1165841-990-300x168.jpg 300w\" sizes=\"auto, (max-width: 626px) 100vw, 626px\" \/><\/figure>\n<\/div>\n<\/div>\n\n\n\n<div style=\"height:31px\" aria-hidden=\"true\" class=\"wp-block-spacer\"><\/div>\n\n\n\n<h2 class=\"wp-block-heading has-text-align-center has-theme-palette-9-color has-text-color has-link-color wp-elements-84419522c30d26dd14fb6bf5df085d76\">Sobre nosotros<\/h2>\n\n\n\n<div class=\"wp-block-columns is-layout-flex wp-container-core-columns-is-layout-9d6595d7 wp-block-columns-is-layout-flex\">\n<div class=\"wp-block-column is-layout-flow wp-block-column-is-layout-flow\"><div class=\"wp-block-image is-style-rounded\">\n<figure class=\"alignright size-full is-resized has-custom-border\"><img loading=\"lazy\" decoding=\"async\" width=\"768\" height=\"427\" src=\"https:\/\/smazai.com\/wp-content\/uploads\/2025\/10\/IA-768x427-1.jpg\" alt=\"Inteligencia Artificial\" class=\"wp-image-292\" style=\"border-style:none;border-width:0px;border-top-left-radius:10px;border-top-right-radius:300px;border-bottom-left-radius:350px;border-bottom-right-radius:10px;object-fit:cover;width:500px;height:270px\" srcset=\"https:\/\/smazai.com\/wp-content\/uploads\/2025\/10\/IA-768x427-1.jpg 768w, https:\/\/smazai.com\/wp-content\/uploads\/2025\/10\/IA-768x427-1-300x167.jpg 300w\" sizes=\"auto, (max-width: 768px) 100vw, 768px\" \/><\/figure>\n<\/div><\/div>\n\n\n\n<div class=\"wp-block-column is-vertically-aligned-center is-layout-flow wp-block-column-is-layout-flow\">\n<div style=\"height:20px\" aria-hidden=\"true\" class=\"wp-block-spacer\"><\/div>\n\n\n\n<p class=\"has-text-align-left\" id=\"content\">Con m\u00e1s de 25 a\u00f1os de experiencia, acompa\u00f1amos a organizaciones en el dise\u00f1o e integraci\u00f3n de sistemas de gesti\u00f3n alineados con los m\u00e1s altos est\u00e1ndares internacionales. <\/p>\n\n\n\n<p>Nuestra especialidad es crear soluciones integradas, eficientes y adaptadas a cada entorno, combinando conocimiento t\u00e9cnico, visi\u00f3n estrat\u00e9gica y compromiso con la mejora continua.<\/p>\n\n\n\n<div class=\"wp-block-buttons is-content-justification-center is-layout-flex wp-container-core-buttons-is-layout-16018d1d wp-block-buttons-is-layout-flex\">\n<div class=\"wp-block-button is-style-outline is-style-outline--1\"><a class=\"wp-block-button__link wp-element-button\" href=\"https:\/\/smazai.com\/en\/sobre-nosotros\/\">Conoce m\u00e1s<\/a><\/div>\n<\/div>\n<\/div>\n<\/div>\n\n\n\n<div style=\"height:30px\" aria-hidden=\"true\" class=\"wp-block-spacer\"><\/div>\n\n\n\n<h2 class=\"wp-block-heading has-text-align-center has-theme-palette-9-color has-text-color has-link-color wp-elements-09c476d30714a4b63ad8bd0772acc94d\">Nuestros servicios<\/h2>\n\n\n\n<div class=\"wp-block-group is-content-justification-center is-nowrap is-layout-flex wp-container-core-group-is-layout-d540fd5d wp-block-group-is-layout-flex\" style=\"min-height:0px;margin-top:0;margin-bottom:0;padding-top:0\">\n<div class=\"wp-block-cover is-light has-small-font-size wp-container-content-b04ba3db\" style=\"border-top-left-radius:1px;border-top-right-radius:20px;border-bottom-left-radius:20px;border-bottom-right-radius:1px;min-height:100px;aspect-ratio:unset;\"><span aria-hidden=\"true\" class=\"wp-block-cover__background has-background-dim-100 has-background-dim\" style=\"background-color:#f57c00\"><\/span><div class=\"wp-block-cover__inner-container is-layout-constrained wp-block-cover-is-layout-constrained\">\n<p class=\"has-text-align-center has-theme-palette-3-color has-text-color has-link-color wp-elements-7b0b3d27c38ab3a9aba0acdc39431b69\" style=\"font-size:15px\"><strong><a href=\"https:\/\/smazai.com\/en\/servicios\/#sistema-gestion\">Implementaci\u00f3n del sistema de gesti\u00f3n<\/a><\/strong><\/p>\n<\/div><\/div>\n\n\n\n<div class=\"wp-block-cover is-light wp-container-content-b04ba3db\" style=\"border-top-left-radius:20px;border-top-right-radius:1px;border-bottom-left-radius:1px;border-bottom-right-radius:20px;min-height:100px;aspect-ratio:unset;\"><span aria-hidden=\"true\" class=\"wp-block-cover__background has-background-dim-100 has-background-dim\" style=\"background-color:#f57c00\"><\/span><div class=\"wp-block-cover__inner-container is-layout-constrained wp-block-cover-is-layout-constrained\">\n<p class=\"has-text-align-center has-theme-palette-3-color has-text-color has-link-color wp-elements-36b787d34f06b2c7469861bdf156c505\" style=\"font-size:15px\"><strong><a href=\"https:\/\/smazai.com\/en\/servicios\/#gap-assessment\" data-type=\"internal\" data-id=\"#gap-assessment\">An\u00e1lisis de brechas<\/a><\/strong><\/p>\n<\/div><\/div>\n\n\n\n<div class=\"wp-block-cover is-light wp-container-content-b04ba3db\" style=\"border-top-left-radius:1px;border-top-right-radius:20px;border-bottom-left-radius:20px;border-bottom-right-radius:1px;min-height:100px;aspect-ratio:unset;\"><span aria-hidden=\"true\" class=\"wp-block-cover__background has-background-dim-100 has-background-dim\" style=\"background-color:#f57c00\"><\/span><div class=\"wp-block-cover__inner-container is-layout-constrained wp-block-cover-is-layout-constrained\">\n<p class=\"has-text-align-center has-theme-palette-3-color has-text-color has-link-color wp-elements-79e1e2275da1c27449fc833ada6fed29\" style=\"font-size:15px\"><strong><a href=\"https:\/\/smazai.com\/en\/servicios\/#analisis-riesgos\" data-type=\"internal\" data-id=\"#analisis-de-riesgos\">An\u00e1lisis de riesgos y planes de tratamiento<\/a><\/strong><\/p>\n<\/div><\/div>\n\n\n\n<div class=\"wp-block-cover is-light\" style=\"border-top-left-radius:20px;border-top-right-radius:1px;border-bottom-left-radius:1px;border-bottom-right-radius:20px;margin-bottom:2rem;min-height:100px;aspect-ratio:unset;\"><span aria-hidden=\"true\" class=\"wp-block-cover__background has-background-dim-100 has-background-dim\" style=\"background-color:#f57c00\"><\/span><div class=\"wp-block-cover__inner-container is-layout-constrained wp-block-cover-is-layout-constrained\">\n<p class=\"has-text-align-center has-theme-palette-3-color has-text-color has-link-color wp-elements-2928accc9911a839ed13abf270d8bf93\" style=\"font-size:15px\"><strong><a href=\"https:\/\/smazai.com\/en\/servicios\/#evaluaciones-impacto\" data-type=\"internal\" data-id=\"#evaluaciones-de-impacto\">Evaluaciones de impacto<\/a><\/strong><\/p>\n<\/div><\/div>\n<\/div>\n\n\n\n<div class=\"wp-block-group is-horizontal is-content-justification-center is-nowrap is-layout-flex wp-container-core-group-is-layout-8d7e3467 wp-block-group-is-layout-flex\" style=\"margin-top:0;margin-bottom:0;padding-top:0;padding-bottom:0\">\n<div class=\"wp-block-cover is-light wp-container-content-b04ba3db\" style=\"border-top-left-radius:20px;border-top-right-radius:1px;border-bottom-left-radius:1px;border-bottom-right-radius:20px;min-height:100px;aspect-ratio:unset;\"><span aria-hidden=\"true\" class=\"wp-block-cover__background has-background-dim-100 has-background-dim\" style=\"background-color:#f57c00\"><\/span><div class=\"wp-block-cover__inner-container is-layout-constrained wp-block-cover-is-layout-constrained\">\n<p class=\"has-text-align-center has-theme-palette-3-color has-text-color has-link-color wp-elements-2c610f5a094a1db802b3855b62a58eca\" style=\"font-size:15px\"><strong><a href=\"https:\/\/smazai.com\/en\/servicios\/#auditorias-sg\" data-type=\"internal\" data-id=\"#auditorias-de-sg\">Auditor\u00edas de sistemas de gesti\u00f3n<\/a><\/strong><\/p>\n<\/div><\/div>\n\n\n\n<div class=\"wp-block-cover is-light wp-container-content-b04ba3db\" style=\"border-top-left-radius:1px;border-top-right-radius:20px;border-bottom-left-radius:20px;border-bottom-right-radius:1px;min-height:100px;aspect-ratio:unset;\"><span aria-hidden=\"true\" class=\"wp-block-cover__background has-background-dim-100 has-background-dim\" style=\"background-color:#f57c00\"><\/span><div class=\"wp-block-cover__inner-container is-layout-constrained wp-block-cover-is-layout-constrained\">\n<p class=\"has-text-align-center has-theme-palette-3-color has-text-color has-link-color wp-elements-b8aebd1c1e921b605098e0401f248244\" style=\"font-size:14px\"><strong><a href=\"https:\/\/smazai.com\/en\/servicios\/#aplicabilidad-ia\">An\u00e1lisis de necesidades y estudios de aplicabilidad de IA<\/a><\/strong><\/p>\n<\/div><\/div>\n\n\n\n<div class=\"wp-block-cover is-light wp-container-content-b04ba3db\" style=\"border-top-left-radius:20px;border-top-right-radius:1px;border-bottom-left-radius:1px;border-bottom-right-radius:20px;min-height:100px;aspect-ratio:unset;\"><span aria-hidden=\"true\" class=\"wp-block-cover__background has-background-dim-100 has-background-dim\" style=\"background-color:#f57c00\"><\/span><div class=\"wp-block-cover__inner-container is-layout-constrained wp-block-cover-is-layout-constrained\">\n<p class=\"has-text-align-center has-theme-palette-3-color has-text-color has-link-color wp-elements-66e9a835ae6f6f13aebf11751b427902\" style=\"font-size:15px\"><strong><a href=\"https:\/\/smazai.com\/en\/servicios\/#soluciones-ia\" data-type=\"internal\" data-id=\"#soluciones-de-ia\">Implementaci\u00f3n de soluciones de IA<\/a><\/strong><\/p>\n<\/div><\/div>\n\n\n\n<div class=\"wp-block-cover is-light has-small-font-size wp-container-content-b04ba3db\" style=\"border-top-left-radius:1px;border-top-right-radius:20px;border-bottom-left-radius:20px;border-bottom-right-radius:1px;margin-bottom:2rem;min-height:100px;aspect-ratio:unset;\"><span aria-hidden=\"true\" class=\"wp-block-cover__background has-background-dim-100 has-background-dim\" style=\"background-color:#f57c00\"><\/span><div class=\"wp-block-cover__inner-container is-layout-constrained wp-block-cover-is-layout-constrained\">\n<p class=\"has-text-align-center has-theme-palette-3-color has-text-color has-link-color wp-elements-6e097683830551354cded4124c86c2b5\" style=\"font-size:15px\"><strong><a href=\"https:\/\/smazai.com\/en\/servicios\/#formacion-capacitacion\" data-type=\"internal\" data-id=\"#formacion-y-capacitacion\">Formaci\u00f3n y capacitaci\u00f3n especializada<\/a><\/strong><\/p>\n<\/div><\/div>\n<\/div>\n\n\n\n<div class=\"wp-block-buttons is-content-justification-center is-layout-flex wp-container-core-buttons-is-layout-16018d1d wp-block-buttons-is-layout-flex\">\n<div class=\"wp-block-button is-style-outline is-style-outline--2\"><a class=\"wp-block-button__link wp-element-button\" href=\"https:\/\/smazai.com\/en\/servicios\/\">M\u00e1s informaci\u00f3n<\/a><\/div>\n<\/div>\n\n\n\n<div style=\"height:117px\" aria-hidden=\"true\" class=\"wp-block-spacer\"><\/div>\n\n\n\n<div class=\"wp-block-cover alignfull is-light\" style=\"margin-bottom:0;padding-bottom:0;min-height:371px;aspect-ratio:unset;\"><span aria-hidden=\"true\" class=\"wp-block-cover__background has-background-dim-100 has-background-dim\" style=\"background-color:#f57c00\"><\/span><div class=\"wp-block-cover__inner-container is-layout-constrained wp-block-cover-is-layout-constrained\">\n<p class=\"has-text-align-center has-large-font-size\"><strong>No se trata solo de tecnolog\u00eda, sino de resultados reales.<\/strong><br>Hagamos que la inteligencia artificial trabaje para ti.<\/p>\n\n\n\n<div class=\"wp-block-buttons is-content-justification-center is-layout-flex wp-container-core-buttons-is-layout-16018d1d wp-block-buttons-is-layout-flex\">\n<div class=\"wp-block-button\"><a class=\"wp-block-button__link has-theme-palette-9-color has-theme-palette-3-background-color has-text-color has-background has-link-color wp-element-button\" href=\"https:\/\/smazai.com\/en\/contacto\/\">Cont\u00e1ctanos<\/a><\/div>\n<\/div>\n<\/div><\/div>\n\n\n\n<p><\/p>","protected":false},"excerpt":{"rendered":"<p>Soluciones innovadoras en inteligencia artificial Impulsa tu negocio con el poder de la IA. Sobre nosotros Con m\u00e1s de 25 a\u00f1os de experiencia, acompa\u00f1amos a organizaciones en el dise\u00f1o e integraci\u00f3n de sistemas de gesti\u00f3n alineados con los m\u00e1s altos est\u00e1ndares internacionales. Nuestra especialidad es crear soluciones integradas, eficientes y adaptadas a cada entorno, combinando&#8230;<\/p>","protected":false},"author":2,"featured_media":0,"parent":0,"menu_order":0,"comment_status":"closed","ping_status":"closed","template":"","meta":{"_kadence_starter_templates_imported_post":false,"_kad_post_transparent":"default","_kad_post_title":"hide","_kad_post_layout":"normal","_kad_post_sidebar_id":"","_kad_post_content_style":"default","_kad_post_vertical_padding":"","_kad_post_feature":"","_kad_post_feature_position":"","_kad_post_header":false,"_kad_post_footer":false,"footnotes":""},"class_list":["post-7","page","type-page","status-publish","hentry"],"yoast_head":"<!-- This site is optimized with the Yoast SEO plugin v26.5 - https:\/\/yoast.com\/wordpress\/plugins\/seo\/ -->\n<title>Inicio - SMAZAI<\/title>\n<meta name=\"description\" content=\"Con m\u00e1s de veinticinco a\u00f1os de experiencia como auditor jefe para organismos de certificaci\u00f3n internacionales, he trabajado con marcos normativos y regulatorios espec\u00edficos como el ENS en Espa\u00f1a y el marco DORA en el \u00e1mbito financiero europeo, asegurando la adecuaci\u00f3n de los sistemas de gesti\u00f3n a requisitos legales y regulatorios internacionales.\" \/>\n<meta name=\"robots\" content=\"index, follow, max-snippet:-1, max-image-preview:large, max-video-preview:-1\" \/>\n<link rel=\"canonical\" href=\"https:\/\/smazai.com\/en\/\" \/>\n<meta property=\"og:locale\" content=\"en_GB\" \/>\n<meta property=\"og:type\" content=\"article\" \/>\n<meta property=\"og:title\" content=\"Inicio - SMAZAI\" \/>\n<meta property=\"og:description\" content=\"Con m\u00e1s de veinticinco a\u00f1os de experiencia como auditor jefe para organismos de certificaci\u00f3n internacionales, he trabajado con marcos normativos y regulatorios espec\u00edficos como el ENS en Espa\u00f1a y el marco DORA en el \u00e1mbito financiero europeo, asegurando la adecuaci\u00f3n de los sistemas de gesti\u00f3n a requisitos legales y regulatorios internacionales.\" \/>\n<meta property=\"og:url\" content=\"https:\/\/smazai.com\/en\/\" \/>\n<meta property=\"og:site_name\" content=\"SMAZAI\" \/>\n<meta property=\"article:modified_time\" content=\"2025-12-10T12:32:55+00:00\" \/>\n<meta property=\"og:image\" content=\"https:\/\/smazai.com\/wp-content\/uploads\/2025\/10\/integracion-negocios-inteligencia-artificial-que-muestran-soluciones-innovadoras-analiticas-estrategicas_1165841-990.jpg\" \/>\n\t<meta property=\"og:image:width\" content=\"626\" \/>\n\t<meta property=\"og:image:height\" content=\"351\" \/>\n\t<meta property=\"og:image:type\" content=\"image\/jpeg\" \/>\n<meta name=\"twitter:card\" content=\"summary_large_image\" \/>\n<meta name=\"twitter:label1\" content=\"Estimated reading time\" \/>\n\t<meta name=\"twitter:data1\" content=\"2 minutes\" \/>\n<script type=\"application\/ld+json\" class=\"yoast-schema-graph\">{\"@context\":\"https:\/\/schema.org\",\"@graph\":[{\"@type\":\"WebPage\",\"@id\":\"https:\/\/smazai.com\/\",\"url\":\"https:\/\/smazai.com\/\",\"name\":\"Inicio - SMAZAI\",\"isPartOf\":{\"@id\":\"https:\/\/smazai.com\/#website\"},\"primaryImageOfPage\":{\"@id\":\"https:\/\/smazai.com\/#primaryimage\"},\"image\":{\"@id\":\"https:\/\/smazai.com\/#primaryimage\"},\"thumbnailUrl\":\"https:\/\/smazai.com\/wp-content\/uploads\/2025\/10\/integracion-negocios-inteligencia-artificial-que-muestran-soluciones-innovadoras-analiticas-estrategicas_1165841-990.jpg\",\"datePublished\":\"2025-10-03T13:06:52+00:00\",\"dateModified\":\"2025-12-10T12:32:55+00:00\",\"description\":\"Con m\u00e1s de veinticinco a\u00f1os de experiencia como auditor jefe para organismos de certificaci\u00f3n internacionales, he trabajado con marcos normativos y regulatorios espec\u00edficos como el ENS en Espa\u00f1a y el marco DORA en el \u00e1mbito financiero europeo, asegurando la adecuaci\u00f3n de los sistemas de gesti\u00f3n a requisitos legales y regulatorios internacionales.\",\"breadcrumb\":{\"@id\":\"https:\/\/smazai.com\/#breadcrumb\"},\"inLanguage\":\"en-GB\",\"potentialAction\":[{\"@type\":\"ReadAction\",\"target\":[\"https:\/\/smazai.com\/\"]}]},{\"@type\":\"ImageObject\",\"inLanguage\":\"en-GB\",\"@id\":\"https:\/\/smazai.com\/#primaryimage\",\"url\":\"https:\/\/smazai.com\/wp-content\/uploads\/2025\/10\/integracion-negocios-inteligencia-artificial-que-muestran-soluciones-innovadoras-analiticas-estrategicas_1165841-990.jpg\",\"contentUrl\":\"https:\/\/smazai.com\/wp-content\/uploads\/2025\/10\/integracion-negocios-inteligencia-artificial-que-muestran-soluciones-innovadoras-analiticas-estrategicas_1165841-990.jpg\"},{\"@type\":\"BreadcrumbList\",\"@id\":\"https:\/\/smazai.com\/#breadcrumb\",\"itemListElement\":[{\"@type\":\"ListItem\",\"position\":1,\"name\":\"Portada\",\"item\":\"https:\/\/smazai.com\/\"},{\"@type\":\"ListItem\",\"position\":2,\"name\":\"Inicio\"}]},{\"@type\":\"WebSite\",\"@id\":\"https:\/\/smazai.com\/#website\",\"url\":\"https:\/\/smazai.com\/\",\"name\":\"SMAZAI\",\"description\":\"\",\"potentialAction\":[{\"@type\":\"SearchAction\",\"target\":{\"@type\":\"EntryPoint\",\"urlTemplate\":\"https:\/\/smazai.com\/?s={search_term_string}\"},\"query-input\":{\"@type\":\"PropertyValueSpecification\",\"valueRequired\":true,\"valueName\":\"search_term_string\"}}],\"inLanguage\":\"en-GB\"}]}<\/script>\n<!-- \/ Yoast SEO plugin. -->","yoast_head_json":{"title":"Inicio - SMAZAI","description":"Con m\u00e1s de veinticinco a\u00f1os de experiencia como auditor jefe para organismos de certificaci\u00f3n internacionales, he trabajado con marcos normativos y regulatorios espec\u00edficos como el ENS en Espa\u00f1a y el marco DORA en el \u00e1mbito financiero europeo, asegurando la adecuaci\u00f3n de los sistemas de gesti\u00f3n a requisitos legales y regulatorios internacionales.","robots":{"index":"index","follow":"follow","max-snippet":"max-snippet:-1","max-image-preview":"max-image-preview:large","max-video-preview":"max-video-preview:-1"},"canonical":"https:\/\/smazai.com\/en\/","og_locale":"en_GB","og_type":"article","og_title":"Inicio - SMAZAI","og_description":"Con m\u00e1s de veinticinco a\u00f1os de experiencia como auditor jefe para organismos de certificaci\u00f3n internacionales, he trabajado con marcos normativos y regulatorios espec\u00edficos como el ENS en Espa\u00f1a y el marco DORA en el \u00e1mbito financiero europeo, asegurando la adecuaci\u00f3n de los sistemas de gesti\u00f3n a requisitos legales y regulatorios internacionales.","og_url":"https:\/\/smazai.com\/en\/","og_site_name":"SMAZAI","article_modified_time":"2025-12-10T12:32:55+00:00","og_image":[{"width":626,"height":351,"url":"https:\/\/smazai.com\/wp-content\/uploads\/2025\/10\/integracion-negocios-inteligencia-artificial-que-muestran-soluciones-innovadoras-analiticas-estrategicas_1165841-990.jpg","type":"image\/jpeg"}],"twitter_card":"summary_large_image","twitter_misc":{"Estimated reading time":"2 minutes"},"schema":{"@context":"https:\/\/schema.org","@graph":[{"@type":"WebPage","@id":"https:\/\/smazai.com\/","url":"https:\/\/smazai.com\/","name":"Inicio - SMAZAI","isPartOf":{"@id":"https:\/\/smazai.com\/#website"},"primaryImageOfPage":{"@id":"https:\/\/smazai.com\/#primaryimage"},"image":{"@id":"https:\/\/smazai.com\/#primaryimage"},"thumbnailUrl":"https:\/\/smazai.com\/wp-content\/uploads\/2025\/10\/integracion-negocios-inteligencia-artificial-que-muestran-soluciones-innovadoras-analiticas-estrategicas_1165841-990.jpg","datePublished":"2025-10-03T13:06:52+00:00","dateModified":"2025-12-10T12:32:55+00:00","description":"Con m\u00e1s de veinticinco a\u00f1os de experiencia como auditor jefe para organismos de certificaci\u00f3n internacionales, he trabajado con marcos normativos y regulatorios espec\u00edficos como el ENS en Espa\u00f1a y el marco DORA en el \u00e1mbito financiero europeo, asegurando la adecuaci\u00f3n de los sistemas de gesti\u00f3n a requisitos legales y regulatorios internacionales.","breadcrumb":{"@id":"https:\/\/smazai.com\/#breadcrumb"},"inLanguage":"en-GB","potentialAction":[{"@type":"ReadAction","target":["https:\/\/smazai.com\/"]}]},{"@type":"ImageObject","inLanguage":"en-GB","@id":"https:\/\/smazai.com\/#primaryimage","url":"https:\/\/smazai.com\/wp-content\/uploads\/2025\/10\/integracion-negocios-inteligencia-artificial-que-muestran-soluciones-innovadoras-analiticas-estrategicas_1165841-990.jpg","contentUrl":"https:\/\/smazai.com\/wp-content\/uploads\/2025\/10\/integracion-negocios-inteligencia-artificial-que-muestran-soluciones-innovadoras-analiticas-estrategicas_1165841-990.jpg"},{"@type":"BreadcrumbList","@id":"https:\/\/smazai.com\/#breadcrumb","itemListElement":[{"@type":"ListItem","position":1,"name":"Portada","item":"https:\/\/smazai.com\/"},{"@type":"ListItem","position":2,"name":"Inicio"}]},{"@type":"WebSite","@id":"https:\/\/smazai.com\/#website","url":"https:\/\/smazai.com\/","name":"SMAZAI","description":"","potentialAction":[{"@type":"SearchAction","target":{"@type":"EntryPoint","urlTemplate":"https:\/\/smazai.com\/?s={search_term_string}"},"query-input":{"@type":"PropertyValueSpecification","valueRequired":true,"valueName":"search_term_string"}}],"inLanguage":"en-GB"}]}},"_links":{"self":[{"href":"https:\/\/smazai.com\/en\/wp-json\/wp\/v2\/pages\/7","targetHints":{"allow":["GET"]}}],"collection":[{"href":"https:\/\/smazai.com\/en\/wp-json\/wp\/v2\/pages"}],"about":[{"href":"https:\/\/smazai.com\/en\/wp-json\/wp\/v2\/types\/page"}],"author":[{"embeddable":true,"href":"https:\/\/smazai.com\/en\/wp-json\/wp\/v2\/users\/2"}],"replies":[{"embeddable":true,"href":"https:\/\/smazai.com\/en\/wp-json\/wp\/v2\/comments?post=7"}],"version-history":[{"count":89,"href":"https:\/\/smazai.com\/en\/wp-json\/wp\/v2\/pages\/7\/revisions"}],"predecessor-version":[{"id":398,"href":"https:\/\/smazai.com\/en\/wp-json\/wp\/v2\/pages\/7\/revisions\/398"}],"wp:attachment":[{"href":"https:\/\/smazai.com\/en\/wp-json\/wp\/v2\/media?parent=7"}],"curies":[{"name":"wp","href":"https:\/\/api.w.org\/{rel}","templated":true}]}}