{"id":21,"date":"2025-10-03T12:20:58","date_gmt":"2025-10-03T12:20:58","guid":{"rendered":"https:\/\/smazai.com\/?page_id=21"},"modified":"2025-10-10T12:57:47","modified_gmt":"2025-10-10T12:57:47","slug":"sobre-nosotros","status":"publish","type":"page","link":"https:\/\/smazai.com\/en\/sobre-nosotros\/","title":{"rendered":"Sobre nosotros"},"content":{"rendered":"<h1 class=\"wp-block-heading has-text-align-center\">Sobre nosotros<\/h1>\n\n\n\n<div style=\"height:30px\" aria-hidden=\"true\" class=\"wp-block-spacer\"><\/div>\n\n\n\n<p id=\"content\">A lo largo de mi trayectoria profesional he acompa\u00f1ado a organizaciones de diferentes tama\u00f1os y sectores en el dise\u00f1o, la implementaci\u00f3n y la integraci\u00f3n de sistemas de gesti\u00f3n. Con m\u00e1s de veinticinco a\u00f1os de experiencia como auditor jefe para organismos de certificaci\u00f3n internacionales, he participado en proyectos que abarcan una amplia gama de est\u00e1ndares y marcos regulatorios, desde la gesti\u00f3n de la calidad y la seguridad de la informaci\u00f3n, hasta la continuidad de negocio, el cumplimiento normativo, el antisoborno, la gesti\u00f3n ambiental, la seguridad y salud en el trabajo, y la m\u00e1s reciente gobernanza de la inteligencia artificial.<\/p>\n\n\n\n<p>Mi principal fortaleza profesional reside en la <strong>integraci\u00f3n transversal de requisitos de m\u00faltiples normas internacionales<\/strong> en un \u00fanico sistema de gesti\u00f3n. Esto me ha permitido ayudar a organizaciones nacionales e internacionales, incluidas grandes corporaciones y grupos empresariales, a simplificar sus procesos, reducir duplicidades y garantizar la coherencia en sus operaciones. He dise\u00f1ado e implantado sistemas integrados que combinan est\u00e1ndares como:<\/p>\n\n\n\n<ul class=\"wp-block-list\">\n<li><strong>ISO 9001 \u2013 Sistemas de gesti\u00f3n de la calidad<\/strong><\/li>\n\n\n\n<li><strong>ISO\/IEC 27001 \u2013 Sistemas de gesti\u00f3n de la seguridad de la informaci\u00f3n<\/strong><\/li>\n\n\n\n<li><strong>ISO\/IEC 27701 \u2013 Sistemas de gesti\u00f3n de la privacidad de la informaci\u00f3n (extensi\u00f3n de ISO\/IEC 27001)<\/strong><\/li>\n\n\n\n<li><strong>ISO 22301 \u2013 Sistemas de gesti\u00f3n de la continuidad de negocio<\/strong><\/li>\n\n\n\n<li><strong>ISO 37301 \u2013 Sistemas de gesti\u00f3n de cumplimiento (compliance)<\/strong><\/li>\n\n\n\n<li><strong>ISO 37001 \u2013 Sistemas de gesti\u00f3n antisoborno<\/strong><\/li>\n\n\n\n<li><strong>ISO 14001 \u2013 Sistemas de gesti\u00f3n ambiental<\/strong><\/li>\n\n\n\n<li><strong>ISO 45001 \u2013 Sistemas de gesti\u00f3n de la seguridad y salud en el trabajo<\/strong><\/li>\n\n\n\n<li><strong>ISO\/IEC 42001 \u2013 Sistemas de gesti\u00f3n de la inteligencia artificial<\/strong><\/li>\n<\/ul>\n\n\n\n<p>Adem\u00e1s, he trabajado con marcos normativos y regulatorios espec\u00edficos como el <strong>Esquema Nacional de Seguridad (ENS) en Espa\u00f1a<\/strong> y el marco <strong>DORA \u2013 Digital Operational Resilience Act<\/strong> en el \u00e1mbito financiero europeo, asegurando la adecuaci\u00f3n de los sistemas de gesti\u00f3n a requisitos legales y regulatorios internacionales.<\/p>\n\n\n\n<p>He colaborado con entidades de referencia como NQA Certificaci\u00f3n o IGC en auditor\u00eda, desarrollo y mantenimiento de esquemas de certificaci\u00f3n, aportando tanto visi\u00f3n estrat\u00e9gica como rigor t\u00e9cnico. En los \u00faltimos a\u00f1os, he impulsado <strong>la adopci\u00f3n de la inteligencia artificial en procesos empresariales<\/strong>, liderando la implementaci\u00f3n de soluciones tanto en entornos locales (on-premise) como en la nube, utilizando plataformas como <strong>Amazon Web Services (AWS)<\/strong>, <strong>Microsoft Azure AI<\/strong>, <strong>Google Cloud<\/strong> y <strong>Hugging Face<\/strong>. Parte fundamental de este trabajo consiste en evaluar riesgos, garantizar la seguridad de la informaci\u00f3n y asegurar el cumplimiento normativo en cada despliegue tecnol\u00f3gico.<\/p>\n\n\n\n<p>Compagino mi labor como auditor y consultor con actividades de <strong>formaci\u00f3n y divulgaci\u00f3n<\/strong>, convencido de que la transferencia de conocimiento es esencial para que las organizaciones comprendan y aprovechen todo el valor de los sistemas de gesti\u00f3n y de las tecnolog\u00edas emergentes.<\/p>","protected":false},"excerpt":{"rendered":"<p>Sobre nosotros A lo largo de mi trayectoria profesional he acompa\u00f1ado a organizaciones de diferentes tama\u00f1os y sectores en el dise\u00f1o, la implementaci\u00f3n y la integraci\u00f3n de sistemas de gesti\u00f3n. Con m\u00e1s de veinticinco a\u00f1os de experiencia como auditor jefe para organismos de certificaci\u00f3n internacionales, he participado en proyectos que abarcan una amplia gama de&#8230;<\/p>","protected":false},"author":2,"featured_media":0,"parent":0,"menu_order":0,"comment_status":"closed","ping_status":"closed","template":"","meta":{"_kadence_starter_templates_imported_post":false,"_kad_post_transparent":"","_kad_post_title":"hide","_kad_post_layout":"","_kad_post_sidebar_id":"","_kad_post_content_style":"","_kad_post_vertical_padding":"","_kad_post_feature":"","_kad_post_feature_position":"","_kad_post_header":false,"_kad_post_footer":false,"footnotes":""},"class_list":["post-21","page","type-page","status-publish","hentry"],"yoast_head":"<!-- This site is optimized with the Yoast SEO plugin v26.5 - https:\/\/yoast.com\/wordpress\/plugins\/seo\/ -->\n<title>Sobre nosotros - SMAZAI<\/title>\n<meta name=\"robots\" content=\"index, follow, max-snippet:-1, max-image-preview:large, max-video-preview:-1\" \/>\n<link rel=\"canonical\" href=\"https:\/\/smazai.com\/en\/sobre-nosotros\/\" \/>\n<meta property=\"og:locale\" content=\"en_GB\" \/>\n<meta property=\"og:type\" content=\"article\" \/>\n<meta property=\"og:title\" content=\"Sobre nosotros - SMAZAI\" \/>\n<meta property=\"og:description\" content=\"Sobre nosotros A lo largo de mi trayectoria profesional he acompa\u00f1ado a organizaciones de diferentes tama\u00f1os y sectores en el dise\u00f1o, la implementaci\u00f3n y la integraci\u00f3n de sistemas de gesti\u00f3n. Con m\u00e1s de veinticinco a\u00f1os de experiencia como auditor jefe para organismos de certificaci\u00f3n internacionales, he participado en proyectos que abarcan una amplia gama de...\" \/>\n<meta property=\"og:url\" content=\"https:\/\/smazai.com\/en\/sobre-nosotros\/\" \/>\n<meta property=\"og:site_name\" content=\"SMAZAI\" \/>\n<meta property=\"article:modified_time\" content=\"2025-10-10T12:57:47+00:00\" \/>\n<meta name=\"twitter:card\" content=\"summary_large_image\" \/>\n<meta name=\"twitter:label1\" content=\"Estimated reading time\" \/>\n\t<meta name=\"twitter:data1\" content=\"2 minutes\" \/>\n<script type=\"application\/ld+json\" class=\"yoast-schema-graph\">{\"@context\":\"https:\/\/schema.org\",\"@graph\":[{\"@type\":\"WebPage\",\"@id\":\"https:\/\/smazai.com\/sobre-nosotros\/\",\"url\":\"https:\/\/smazai.com\/sobre-nosotros\/\",\"name\":\"Sobre nosotros - SMAZAI\",\"isPartOf\":{\"@id\":\"https:\/\/smazai.com\/#website\"},\"datePublished\":\"2025-10-03T12:20:58+00:00\",\"dateModified\":\"2025-10-10T12:57:47+00:00\",\"breadcrumb\":{\"@id\":\"https:\/\/smazai.com\/sobre-nosotros\/#breadcrumb\"},\"inLanguage\":\"en-GB\",\"potentialAction\":[{\"@type\":\"ReadAction\",\"target\":[\"https:\/\/smazai.com\/sobre-nosotros\/\"]}]},{\"@type\":\"BreadcrumbList\",\"@id\":\"https:\/\/smazai.com\/sobre-nosotros\/#breadcrumb\",\"itemListElement\":[{\"@type\":\"ListItem\",\"position\":1,\"name\":\"Portada\",\"item\":\"https:\/\/smazai.com\/\"},{\"@type\":\"ListItem\",\"position\":2,\"name\":\"Sobre nosotros\"}]},{\"@type\":\"WebSite\",\"@id\":\"https:\/\/smazai.com\/#website\",\"url\":\"https:\/\/smazai.com\/\",\"name\":\"SMAZAI\",\"description\":\"\",\"potentialAction\":[{\"@type\":\"SearchAction\",\"target\":{\"@type\":\"EntryPoint\",\"urlTemplate\":\"https:\/\/smazai.com\/?s={search_term_string}\"},\"query-input\":{\"@type\":\"PropertyValueSpecification\",\"valueRequired\":true,\"valueName\":\"search_term_string\"}}],\"inLanguage\":\"en-GB\"}]}<\/script>\n<!-- \/ Yoast SEO plugin. -->","yoast_head_json":{"title":"Sobre nosotros - SMAZAI","robots":{"index":"index","follow":"follow","max-snippet":"max-snippet:-1","max-image-preview":"max-image-preview:large","max-video-preview":"max-video-preview:-1"},"canonical":"https:\/\/smazai.com\/en\/sobre-nosotros\/","og_locale":"en_GB","og_type":"article","og_title":"Sobre nosotros - SMAZAI","og_description":"Sobre nosotros A lo largo de mi trayectoria profesional he acompa\u00f1ado a organizaciones de diferentes tama\u00f1os y sectores en el dise\u00f1o, la implementaci\u00f3n y la integraci\u00f3n de sistemas de gesti\u00f3n. Con m\u00e1s de veinticinco a\u00f1os de experiencia como auditor jefe para organismos de certificaci\u00f3n internacionales, he participado en proyectos que abarcan una amplia gama de...","og_url":"https:\/\/smazai.com\/en\/sobre-nosotros\/","og_site_name":"SMAZAI","article_modified_time":"2025-10-10T12:57:47+00:00","twitter_card":"summary_large_image","twitter_misc":{"Estimated reading time":"2 minutes"},"schema":{"@context":"https:\/\/schema.org","@graph":[{"@type":"WebPage","@id":"https:\/\/smazai.com\/sobre-nosotros\/","url":"https:\/\/smazai.com\/sobre-nosotros\/","name":"Sobre nosotros - SMAZAI","isPartOf":{"@id":"https:\/\/smazai.com\/#website"},"datePublished":"2025-10-03T12:20:58+00:00","dateModified":"2025-10-10T12:57:47+00:00","breadcrumb":{"@id":"https:\/\/smazai.com\/sobre-nosotros\/#breadcrumb"},"inLanguage":"en-GB","potentialAction":[{"@type":"ReadAction","target":["https:\/\/smazai.com\/sobre-nosotros\/"]}]},{"@type":"BreadcrumbList","@id":"https:\/\/smazai.com\/sobre-nosotros\/#breadcrumb","itemListElement":[{"@type":"ListItem","position":1,"name":"Portada","item":"https:\/\/smazai.com\/"},{"@type":"ListItem","position":2,"name":"Sobre nosotros"}]},{"@type":"WebSite","@id":"https:\/\/smazai.com\/#website","url":"https:\/\/smazai.com\/","name":"SMAZAI","description":"","potentialAction":[{"@type":"SearchAction","target":{"@type":"EntryPoint","urlTemplate":"https:\/\/smazai.com\/?s={search_term_string}"},"query-input":{"@type":"PropertyValueSpecification","valueRequired":true,"valueName":"search_term_string"}}],"inLanguage":"en-GB"}]}},"_links":{"self":[{"href":"https:\/\/smazai.com\/en\/wp-json\/wp\/v2\/pages\/21","targetHints":{"allow":["GET"]}}],"collection":[{"href":"https:\/\/smazai.com\/en\/wp-json\/wp\/v2\/pages"}],"about":[{"href":"https:\/\/smazai.com\/en\/wp-json\/wp\/v2\/types\/page"}],"author":[{"embeddable":true,"href":"https:\/\/smazai.com\/en\/wp-json\/wp\/v2\/users\/2"}],"replies":[{"embeddable":true,"href":"https:\/\/smazai.com\/en\/wp-json\/wp\/v2\/comments?post=21"}],"version-history":[{"count":7,"href":"https:\/\/smazai.com\/en\/wp-json\/wp\/v2\/pages\/21\/revisions"}],"predecessor-version":[{"id":385,"href":"https:\/\/smazai.com\/en\/wp-json\/wp\/v2\/pages\/21\/revisions\/385"}],"wp:attachment":[{"href":"https:\/\/smazai.com\/en\/wp-json\/wp\/v2\/media?parent=21"}],"curies":[{"name":"wp","href":"https:\/\/api.w.org\/{rel}","templated":true}]}}