{"id":14,"date":"2025-10-03T11:51:40","date_gmt":"2025-10-03T11:51:40","guid":{"rendered":"https:\/\/smazai.com\/?page_id=14"},"modified":"2026-02-27T09:21:31","modified_gmt":"2026-02-27T09:21:31","slug":"politica-de-cookies","status":"publish","type":"page","link":"https:\/\/smazai.com\/en\/politica-de-cookies\/","title":{"rendered":"Pol\u00edtica de cookies"},"content":{"rendered":"<h1 class=\"wp-block-heading has-text-align-center\">Pol\u00edtica de cookies<\/h1>\n\n\n\n<h4 class=\"wp-block-heading\" id=\"cookies\">\u00bfQu\u00e9 son las cookies?<\/h4>\n\n\n\n<p id=\"content\">Las cookies son peque\u00f1os archivos de texto que se almacenan en tu dispositivo al visitar un sitio web. Estas tecnolog\u00edas permiten al sitio web recordar informaci\u00f3n sobre tu visita, como tus preferencias de navegaci\u00f3n, para ofrecerte una experiencia personalizada.<\/p>\n\n\n\n<h4 class=\"wp-block-heading\">\u00bfPara qu\u00e9 utiliza las cookies esta p\u00e1gina web?<\/h4>\n\n\n\n<p>Esta p\u00e1gina web no utiliza cookies para recoger informaci\u00f3n de los usuarios. \u00danicamente se utilizan cookies propias y de terceros con finalidad t\u00e9cnica para permitir navegaci\u00f3n a trav\u00e9s del sitio web y la utilizaci\u00f3n de las diferentes opciones y servicios que en ella existen.<\/p>\n\n\n\n<p>El portal del que es titular Seraf\u00edn Manuel \u00c1lvarez Zapata contiene enlaces a sitios web de terceros, cuyas pol\u00edticas de privacidad son ajenas a esta web. Al acceder a tales sitios web usted puede decidir si acepta sus pol\u00edticas de privacidad y de cookies. Con car\u00e1cter general, si navega por internet usted puede aceptar o rechazar las cookies de terceros desde las opciones de configuraci\u00f3n de su navegador.<\/p>\n\n\n\n<h4 class=\"wp-block-heading\">\u00bfC\u00f3mo puedo desactivar o eliminar estas cookies?<\/h4>\n\n\n\n<p>Puede usted permitir o bloquear las cookies, as\u00ed como borrar sus datos de navegaci\u00f3n (incluidas las cookies) desde el navegador que usted utiliza. Consulte las opciones e instrucciones que ofrece su navegador para ello. Tenga en cuenta que si acepta las cookies de terceros, deber\u00e1 eliminarlas desde las opciones del navegador. <\/p>\n\n\n\n<p>A continuaci\u00f3n, tiene disponibles los enlaces con la informaci\u00f3n para gestionar las cookies de los navegadores m\u00e1s utilizados:<\/p>\n\n\n\n<p style=\"margin-bottom:var(--wp--preset--spacing--20)\"><strong>CHROME:<\/strong><\/p>\n\n\n\n<ol style=\"margin-top:0\" class=\"wp-block-list\">\n<li>Seleccione el icono de Herramientas.<\/li>\n\n\n\n<li>Haga clic en Configuraci\u00f3n.<\/li>\n\n\n\n<li>Haga clic en Mostrar Opciones Avanzadas.<\/li>\n\n\n\n<li>En la secci\u00f3n \u00abPrivacidad\u00bb haga clic en Configuraci\u00f3n de contenido.<\/li>\n\n\n\n<li>Eliminar cookies: Haga clic en Todas las cookies y los datos de sitios\u2026<\/li>\n\n\n\n<li>No permitir que se almacenen cookies.<\/li>\n\n\n\n<li>Haga clic en Eliminar datos de navegaci\u00f3n (vaciar la Cach\u00e9).<\/li>\n\n\n\n<li>Cierre y reinicie el navegador.<\/li>\n<\/ol>\n\n\n\n<p>Para m\u00e1s informaci\u00f3n sobre Chrome pulse en:&nbsp;<a href=\"http:\/\/support.google.com\/chrome\/bin\/answer.py?hl=es&amp;answer=95647\" target=\"_blank\" rel=\"noreferrer noopener\">http:\/\/support.google.com\/chrome\/bin\/answer.py?hl=es&amp;answer=95647<\/a><\/p>\n\n\n\n<p style=\"margin-bottom:var(--wp--preset--spacing--30)\"><strong>INTERNET EXPLORER&nbsp;:<\/strong><\/p>\n\n\n\n<ol class=\"wp-block-list\">\n<li>Seleccione Herramientas \u2013 Opciones de Internet.<\/li>\n\n\n\n<li>Haga clic en la ficha General.<\/li>\n\n\n\n<li>En la secci\u00f3n \u00abHistorial de exploraci\u00f3n\u00bb, haga clic en Eliminar el historial de exploraci\u00f3n al salir.<\/li>\n\n\n\n<li>Seleccionar Eliminar archivos.<\/li>\n\n\n\n<li>Seleccionar Eliminar cookies.<\/li>\n\n\n\n<li>Haga clic en Eliminar.<\/li>\n\n\n\n<li>Haga clic en Aceptar.<\/li>\n\n\n\n<li>Cierre y reinicie el navegador.<\/li>\n<\/ol>\n\n\n\n<p>Para m\u00e1s informaci\u00f3n sobre Internet Explorer pulse en:&nbsp;<a href=\"https:\/\/support.microsoft.com\/es-es\/help\/278835\/how-to-delete-cookie-files-in-internet-explorer\" target=\"_blank\" rel=\"noreferrer noopener\">https:\/\/support.microsoft.com\/es-es\/help\/278835\/how-to-delete-cookie-files-in-internet-explorer<\/a><\/p>\n\n\n\n<p style=\"margin-bottom:var(--wp--preset--spacing--30)\"><strong>MICROSOFT EDGE&nbsp;:<\/strong> <\/p>\n\n\n\n<p>Para m\u00e1s informaci\u00f3n sobre Microsoft Edge pulse en:&nbsp;<a href=\"https:\/\/support.microsoft.com\/es-es\/help\/4468242\/microsoft-edge-browsing-data-and-privacy-microsoft-privacy\" target=\"_blank\" rel=\"noreferrer noopener\">https:\/\/support.microsoft.com\/es-es\/help\/4468242\/microsoft-edge-browsing-data-and-privacy-microsoft-privacy<\/a><\/p>\n\n\n\n<p style=\"margin-bottom:var(--wp--preset--spacing--30)\"><strong>MOZILLA FIREFOX&nbsp;:<\/strong><\/p>\n\n\n\n<ol class=\"wp-block-list\">\n<li>Seleccione Firefox \u2013 Historial \u2013 Limpiar el historial reciente.<\/li>\n\n\n\n<li>Al lado de \u00abDetalles\u00bb, haga clic en la flecha hacia abajo.<\/li>\n\n\n\n<li>Seleccione las siguientes casillas de verificaci\u00f3n: Cookies, Cach\u00e9, Inicios de sesi\u00f3n activos.<\/li>\n\n\n\n<li>Usando el \u00abIntervalo de tiempo para borrar\u00bb en el men\u00fa desplegable, seleccione Todo.<\/li>\n\n\n\n<li>Haga clic en Borrar ahora.<\/li>\n\n\n\n<li>Cierre y reinicie el navegador.<\/li>\n<\/ol>\n\n\n\n<p>Puede aceptar o rechazar las cookies individualmente en las Preferencias de Firefox, en la secci\u00f3n Historial disponible en Herramientas &gt; Opciones &gt; Privacidad. <\/p>\n\n\n\n<p>Para m\u00e1s informaci\u00f3n sobre Mozilla Firefox pulse en: <a href=\"https:\/\/support.mozilla.org\/es\/kb\/cookies-informacion-que-los-sitios-web-guardan-en-\" target=\"_blank\" rel=\"noreferrer noopener nofollow\">https:\/\/support.mozilla.org\/es\/kb\/cookies-informacion-que-los-sitios-web-guardan-en- <\/a><\/p>\n\n\n\n<p style=\"margin-bottom:var(--wp--preset--spacing--30)\"><strong>SAFARI&nbsp;:<\/strong><\/p>\n\n\n\n<ol class=\"wp-block-list\">\n<li>Seleccione el icono de Safari \u2013 Editar \u2013 Restaurar Safari.<\/li>\n\n\n\n<li>Seleccione las siguientes casillas de verificaci\u00f3n: Borrar el historial, Eliminar todos los datos de sitio web.<\/li>\n\n\n\n<li>Haga clic en Restablecer.<\/li>\n\n\n\n<li>Cierre y reinicie el navegador.<\/li>\n<\/ol>\n\n\n\n<p>Para m\u00e1s informaci\u00f3n sobre Safari pulse en:&nbsp;<a href=\"http:\/\/support.apple.com\/kb\/ph5042\" target=\"_blank\" rel=\"noreferrer noopener\">http:\/\/support.apple.com\/kb\/ph5042<\/a><\/p>\n\n\n\n<p style=\"margin-bottom:var(--wp--preset--spacing--30)\"><strong>OPERA&nbsp;:<\/strong><\/p>\n\n\n\n<p>Opciones \u2013 Avanzado \u2013 Cookies.<\/p>\n\n\n\n<p>Las opciones de cookies controlan el modo en que Opera los maneja y por lo tanto su aceptaci\u00f3n o rechazo.<\/p>\n\n\n\n<p>Para m\u00e1s informaci\u00f3n sobre Opera pulse en:&nbsp;<a href=\"http:\/\/help.opera.com\/Windows\/11.50\/es-ES\/cookies.html\" target=\"_blank\" rel=\"noreferrer noopener\">http:\/\/help.opera.com\/Windows\/11.50\/es-ES\/cookies.html<\/a><\/p>\n\n\n\n<p style=\"margin-bottom:var(--wp--preset--spacing--30)\"><strong>OTROS NAVEGADORES&nbsp;:<\/strong><\/p>\n\n\n\n<p>Consulte la documentaci\u00f3n del navegador que tenga instalado.<\/p>\n\n\n\n<h4 class=\"wp-block-heading\">Complemento de inhabilitaci\u00f3n para navegadores de Google Analytics<\/h4>\n\n\n\n<p>Si desea rechazar las cookies anal\u00edticas de Google Analytics en todos los navegadores, de forma que no se env\u00ede informaci\u00f3n suya a Google Analytics, puede descargar un complemento que realiza esta funci\u00f3n desde este enlace:&nbsp;<a href=\"https:\/\/tools.google.com\/dlpage\/gaoptout\" target=\"_blank\" rel=\"noreferrer noopener\">https:\/\/tools.google.com\/dlpage\/gaoptout<\/a>.<\/p>\n\n\n\n<h4 class=\"wp-block-heading\">Ejercicio de derechos<\/h4>\n\n\n\n<p>Puede conocer y ejercer sus derechos en materia de protecci\u00f3n de datos accediendo a nuestra&nbsp;<a href=\"https:\/\/smazai.com\/en\/politica-de-privacidad\/\" data-type=\"page\" data-id=\"9\">Pol\u00edtica de Privacidad<\/a>.<\/p>","protected":false},"excerpt":{"rendered":"<p>Pol\u00edtica de cookies \u00bfQu\u00e9 son las cookies? Las cookies son peque\u00f1os archivos de texto que se almacenan en tu dispositivo al visitar un sitio web. Estas tecnolog\u00edas permiten al sitio web recordar informaci\u00f3n sobre tu visita, como tus preferencias de navegaci\u00f3n, para ofrecerte una experiencia personalizada. \u00bfPara qu\u00e9 utiliza las cookies esta p\u00e1gina web? Esta&#8230;<\/p>","protected":false},"author":2,"featured_media":0,"parent":0,"menu_order":0,"comment_status":"closed","ping_status":"closed","template":"","meta":{"_kadence_starter_templates_imported_post":false,"_kad_post_transparent":"","_kad_post_title":"hide","_kad_post_layout":"","_kad_post_sidebar_id":"","_kad_post_content_style":"","_kad_post_vertical_padding":"","_kad_post_feature":"","_kad_post_feature_position":"","_kad_post_header":false,"_kad_post_footer":false,"footnotes":""},"class_list":["post-14","page","type-page","status-publish","hentry"],"yoast_head":"<!-- This site is optimized with the Yoast SEO plugin v26.5 - https:\/\/yoast.com\/wordpress\/plugins\/seo\/ -->\n<title>Pol\u00edtica de cookies - SMAZAI<\/title>\n<meta name=\"robots\" content=\"index, follow, max-snippet:-1, max-image-preview:large, max-video-preview:-1\" \/>\n<link rel=\"canonical\" href=\"https:\/\/smazai.com\/en\/politica-de-cookies\/\" \/>\n<meta property=\"og:locale\" content=\"en_GB\" \/>\n<meta property=\"og:type\" content=\"article\" \/>\n<meta property=\"og:title\" content=\"Pol\u00edtica de cookies - SMAZAI\" \/>\n<meta property=\"og:description\" content=\"Pol\u00edtica de cookies \u00bfQu\u00e9 son las cookies? Las cookies son peque\u00f1os archivos de texto que se almacenan en tu dispositivo al visitar un sitio web. Estas tecnolog\u00edas permiten al sitio web recordar informaci\u00f3n sobre tu visita, como tus preferencias de navegaci\u00f3n, para ofrecerte una experiencia personalizada. \u00bfPara qu\u00e9 utiliza las cookies esta p\u00e1gina web? Esta...\" \/>\n<meta property=\"og:url\" content=\"https:\/\/smazai.com\/en\/politica-de-cookies\/\" \/>\n<meta property=\"og:site_name\" content=\"SMAZAI\" \/>\n<meta property=\"article:modified_time\" content=\"2026-02-27T09:21:31+00:00\" \/>\n<meta name=\"twitter:card\" content=\"summary_large_image\" \/>\n<meta name=\"twitter:label1\" content=\"Estimated reading time\" \/>\n\t<meta name=\"twitter:data1\" content=\"3 minutes\" \/>\n<script type=\"application\/ld+json\" class=\"yoast-schema-graph\">{\"@context\":\"https:\/\/schema.org\",\"@graph\":[{\"@type\":\"WebPage\",\"@id\":\"https:\/\/smazai.com\/politica-de-cookies\/\",\"url\":\"https:\/\/smazai.com\/politica-de-cookies\/\",\"name\":\"Pol\u00edtica de cookies - SMAZAI\",\"isPartOf\":{\"@id\":\"https:\/\/smazai.com\/#website\"},\"datePublished\":\"2025-10-03T11:51:40+00:00\",\"dateModified\":\"2026-02-27T09:21:31+00:00\",\"breadcrumb\":{\"@id\":\"https:\/\/smazai.com\/politica-de-cookies\/#breadcrumb\"},\"inLanguage\":\"en-GB\",\"potentialAction\":[{\"@type\":\"ReadAction\",\"target\":[\"https:\/\/smazai.com\/politica-de-cookies\/\"]}]},{\"@type\":\"BreadcrumbList\",\"@id\":\"https:\/\/smazai.com\/politica-de-cookies\/#breadcrumb\",\"itemListElement\":[{\"@type\":\"ListItem\",\"position\":1,\"name\":\"Portada\",\"item\":\"https:\/\/smazai.com\/\"},{\"@type\":\"ListItem\",\"position\":2,\"name\":\"Pol\u00edtica de cookies\"}]},{\"@type\":\"WebSite\",\"@id\":\"https:\/\/smazai.com\/#website\",\"url\":\"https:\/\/smazai.com\/\",\"name\":\"SMAZAI\",\"description\":\"\",\"potentialAction\":[{\"@type\":\"SearchAction\",\"target\":{\"@type\":\"EntryPoint\",\"urlTemplate\":\"https:\/\/smazai.com\/?s={search_term_string}\"},\"query-input\":{\"@type\":\"PropertyValueSpecification\",\"valueRequired\":true,\"valueName\":\"search_term_string\"}}],\"inLanguage\":\"en-GB\"}]}<\/script>\n<!-- \/ Yoast SEO plugin. -->","yoast_head_json":{"title":"Pol\u00edtica de cookies - SMAZAI","robots":{"index":"index","follow":"follow","max-snippet":"max-snippet:-1","max-image-preview":"max-image-preview:large","max-video-preview":"max-video-preview:-1"},"canonical":"https:\/\/smazai.com\/en\/politica-de-cookies\/","og_locale":"en_GB","og_type":"article","og_title":"Pol\u00edtica de cookies - SMAZAI","og_description":"Pol\u00edtica de cookies \u00bfQu\u00e9 son las cookies? Las cookies son peque\u00f1os archivos de texto que se almacenan en tu dispositivo al visitar un sitio web. Estas tecnolog\u00edas permiten al sitio web recordar informaci\u00f3n sobre tu visita, como tus preferencias de navegaci\u00f3n, para ofrecerte una experiencia personalizada. \u00bfPara qu\u00e9 utiliza las cookies esta p\u00e1gina web? Esta...","og_url":"https:\/\/smazai.com\/en\/politica-de-cookies\/","og_site_name":"SMAZAI","article_modified_time":"2026-02-27T09:21:31+00:00","twitter_card":"summary_large_image","twitter_misc":{"Estimated reading time":"3 minutes"},"schema":{"@context":"https:\/\/schema.org","@graph":[{"@type":"WebPage","@id":"https:\/\/smazai.com\/politica-de-cookies\/","url":"https:\/\/smazai.com\/politica-de-cookies\/","name":"Pol\u00edtica de cookies - SMAZAI","isPartOf":{"@id":"https:\/\/smazai.com\/#website"},"datePublished":"2025-10-03T11:51:40+00:00","dateModified":"2026-02-27T09:21:31+00:00","breadcrumb":{"@id":"https:\/\/smazai.com\/politica-de-cookies\/#breadcrumb"},"inLanguage":"en-GB","potentialAction":[{"@type":"ReadAction","target":["https:\/\/smazai.com\/politica-de-cookies\/"]}]},{"@type":"BreadcrumbList","@id":"https:\/\/smazai.com\/politica-de-cookies\/#breadcrumb","itemListElement":[{"@type":"ListItem","position":1,"name":"Portada","item":"https:\/\/smazai.com\/"},{"@type":"ListItem","position":2,"name":"Pol\u00edtica de cookies"}]},{"@type":"WebSite","@id":"https:\/\/smazai.com\/#website","url":"https:\/\/smazai.com\/","name":"SMAZAI","description":"","potentialAction":[{"@type":"SearchAction","target":{"@type":"EntryPoint","urlTemplate":"https:\/\/smazai.com\/?s={search_term_string}"},"query-input":{"@type":"PropertyValueSpecification","valueRequired":true,"valueName":"search_term_string"}}],"inLanguage":"en-GB"}]}},"_links":{"self":[{"href":"https:\/\/smazai.com\/en\/wp-json\/wp\/v2\/pages\/14","targetHints":{"allow":["GET"]}}],"collection":[{"href":"https:\/\/smazai.com\/en\/wp-json\/wp\/v2\/pages"}],"about":[{"href":"https:\/\/smazai.com\/en\/wp-json\/wp\/v2\/types\/page"}],"author":[{"embeddable":true,"href":"https:\/\/smazai.com\/en\/wp-json\/wp\/v2\/users\/2"}],"replies":[{"embeddable":true,"href":"https:\/\/smazai.com\/en\/wp-json\/wp\/v2\/comments?post=14"}],"version-history":[{"count":12,"href":"https:\/\/smazai.com\/en\/wp-json\/wp\/v2\/pages\/14\/revisions"}],"predecessor-version":[{"id":414,"href":"https:\/\/smazai.com\/en\/wp-json\/wp\/v2\/pages\/14\/revisions\/414"}],"wp:attachment":[{"href":"https:\/\/smazai.com\/en\/wp-json\/wp\/v2\/media?parent=14"}],"curies":[{"name":"wp","href":"https:\/\/api.w.org\/{rel}","templated":true}]}}